{"id":67,"date":"2021-01-18T08:47:04","date_gmt":"2021-01-18T08:47:04","guid":{"rendered":"http:\/\/glenfiddle.de\/?page_id=67"},"modified":"2022-03-21T15:51:43","modified_gmt":"2022-03-21T15:51:43","slug":"band","status":"publish","type":"page","link":"https:\/\/glenfiddle.de\/?page_id=67","title":{"rendered":"Band"},"content":{"rendered":"\n<p style=\"font-size:16px\">Glenfiddle ist eine Band mit sicherem Gesp\u00fcr f\u00fcr besondere und ergreifende Lieder. Die Musiker von Glenfiddle haben eine gro\u00dfe musikalische Substanz und \u00fcberraschende Einf\u00e4lle, dass sie all die Klassiker der Folkmusik in einem ganz eigenen Sound \u00fcberzeugend pr\u00e4sentieren. Das Publikum wird nicht nur mit den \u201eGreatest Hits\u201c der keltischen Musik verw\u00f6hnt, sondern auch mit einem authentischen Sound \u00e0 la Glenfiddle.<\/p>\n\n\n\n<p style=\"font-size:16px\">Dieser besteht aus einem mehrstimmigen Gesang, der sowohl von sehr virtuosen Solisten als auch einer groovenden Rhythmusgruppe umgarnt wird. Jeder der vier Musiker ist ein Multiinstrumentalist, was den Arrangements ein gro\u00dfes Spektrum an Klangfarben beschert. Die Dame und die drei Herren aus dem \u201eTal der Fiddle\u201c sind auch eine Band, die es versteht, sowohl die traditionellen als auch die rockigen Elemente in einem ausgewogenen Gleichgewicht zu halten. Ein Glenfiddle-Konzert ist eine Art &#8222;keltische Oldtimer-Rallye&#8220;, bei der sowohl Liebhaber der Tradition als auch der &#8222;Tuning-Abteilung&#8220; auf ihre Kosten kommen. Gem\u00e4\u00df dem Bandmotto \u201eTribute to the Celtic Roots\u201c f\u00e4hrt ein Klassiker nach dem anderen vor und bringt die Zuh\u00f6rer ins Schw\u00e4rmen.<\/p>\n\n\n\n<div class=\"wp-block-media-text alignwide is-stacked-on-mobile is-image-fill\"><figure class=\"wp-block-media-text__media\" style=\"background-image:url(http:\/\/glenfiddle.de\/wp-content\/uploads\/2021\/01\/Brendan-776x1024.jpg);background-position:57.99999999999999% 20%\"><img loading=\"lazy\" decoding=\"async\" width=\"776\" height=\"1024\" src=\"http:\/\/glenfiddle.de\/wp-content\/uploads\/2021\/01\/Brendan-776x1024.jpg\" alt=\"\" class=\"wp-image-77 size-large\"\/><\/figure><div class=\"wp-block-media-text__content\">\n<p style=\"font-size:16px\"><strong>Brendan Lewes<\/strong><br><br>Leads\u00e4nger Brendan Lewes hat nicht nur eine markante Stimme mit einem gro\u00dfen Ausdrucksverm\u00f6gen, er bereichert zudem das Programm als Songwriter.<br><br><a rel=\"noreferrer noopener\" href=\"https:\/\/www.brendanlewes.com\/\" target=\"_blank\">www.brendanlewes.com<\/a><\/p>\n<\/div><\/div>\n\n\n\n<div class=\"wp-block-media-text alignwide has-media-on-the-right is-stacked-on-mobile is-image-fill\"><figure class=\"wp-block-media-text__media\" style=\"background-image:url(http:\/\/glenfiddle.de\/wp-content\/uploads\/2021\/01\/Karo-800x1024.jpg);background-position:46% 28.999999999999996%\"><img loading=\"lazy\" decoding=\"async\" width=\"800\" height=\"1024\" src=\"http:\/\/glenfiddle.de\/wp-content\/uploads\/2021\/01\/Karo-800x1024.jpg\" alt=\"\" class=\"wp-image-78 size-large\"\/><\/figure><div class=\"wp-block-media-text__content\">\n<p style=\"font-size:16px\"><strong>Karoline Broosch<\/strong><br><br>Ob Klassik, Folk oder Pop: Fiddlerin Karo begeistert nicht nur mit virtuosem Geigenspiel, sondern sorgt auch f\u00fcr einen herrlichen Front- oder Backgroundgesang.<br><br><a href=\"https:\/\/karolinviolino.wordpress.com\/\" target=\"_blank\" rel=\"noreferrer noopener\">karolinviolino.wordpress.com<\/a><\/p>\n<\/div><\/div>\n\n\n\n<div class=\"wp-block-media-text alignwide is-stacked-on-mobile is-image-fill\"><figure class=\"wp-block-media-text__media\" style=\"background-image:url(http:\/\/glenfiddle.de\/wp-content\/uploads\/2021\/01\/Andreas-745x1024.jpg);background-position:51% 25%\"><img loading=\"lazy\" decoding=\"async\" width=\"745\" height=\"1024\" src=\"http:\/\/glenfiddle.de\/wp-content\/uploads\/2021\/01\/Andreas-745x1024.jpg\" alt=\"\" class=\"wp-image-76 size-full\"\/><\/figure><div class=\"wp-block-media-text__content\">\n<p><strong>Andreas Petalas<\/strong><\/p>\n\n\n\n<p style=\"font-size:16px\">Andreas aus Griechenland brilliert sowohl auf der akustischen als auch elektrischen Gitarre. Filigranes Fingerpicking als auch beeindruckende Soli auf der gr\u00fcnen E-Gitarre sind sein Markenzeichen.<br><br><a href=\"https:\/\/www.sixtyfive-cadillac.de\" target=\"_blank\" rel=\"noreferrer noopener\">www.sixtyfive-cadillac.de<\/a><br><a href=\"https:\/\/moniqueandthejacks.de\" target=\"_blank\" rel=\"noreferrer noopener\">www.moniqueandthejacks.de<\/a><\/p>\n<\/div><\/div>\n\n\n\n<div class=\"wp-block-media-text alignwide has-media-on-the-right is-stacked-on-mobile is-image-fill\"><figure class=\"wp-block-media-text__media\" style=\"background-image:url(http:\/\/glenfiddle.de\/wp-content\/uploads\/2021\/01\/Olaf-754x1024.jpg);background-position:48% 30%\"><img loading=\"lazy\" decoding=\"async\" width=\"754\" height=\"1024\" src=\"http:\/\/glenfiddle.de\/wp-content\/uploads\/2021\/01\/Olaf-754x1024.jpg\" alt=\"\" class=\"wp-image-79 size-large\"\/><\/figure><div class=\"wp-block-media-text__content\">\n<p style=\"font-size:16px\"><strong>Olaf Koep<\/strong><br><br>Olaf ist studierter Schlagzeuger und kann sich je nach Arrangement zwischen Schlagzeug, Perkussionsinstrumenten oder Caj\u00f3n entscheiden. Zudem sorgt er f\u00fcr den kompakten Backgroundgesang.<br><br><a href=\"http:\/\/triologue.de\/\" target=\"_blank\" rel=\"noreferrer noopener\">triologue.de<\/a><br><a href=\"http:\/\/olafkoep.de\/\" target=\"_blank\" rel=\"noreferrer noopener\">olafkoep.de<\/a><\/p>\n<\/div><\/div>\n","protected":false},"excerpt":{"rendered":"<p>Glenfiddle ist eine Band mit sicherem Gesp\u00fcr f\u00fcr besondere und ergreifende Lieder. Die Musiker von Glenfiddle haben eine gro\u00dfe musikalische Substanz und \u00fcberraschende Einf\u00e4lle, dass sie all die Klassiker der&#8230;<\/p>\n","protected":false},"author":2,"featured_media":0,"parent":0,"menu_order":0,"comment_status":"closed","ping_status":"closed","template":"","meta":{"_vp_format_video_url":"","_vp_image_focal_point":[],"footnotes":""},"class_list":["post-67","page","type-page","status-publish","hentry"],"_links":{"self":[{"href":"https:\/\/glenfiddle.de\/index.php?rest_route=\/wp\/v2\/pages\/67","targetHints":{"allow":["GET"]}}],"collection":[{"href":"https:\/\/glenfiddle.de\/index.php?rest_route=\/wp\/v2\/pages"}],"about":[{"href":"https:\/\/glenfiddle.de\/index.php?rest_route=\/wp\/v2\/types\/page"}],"author":[{"embeddable":true,"href":"https:\/\/glenfiddle.de\/index.php?rest_route=\/wp\/v2\/users\/2"}],"replies":[{"embeddable":true,"href":"https:\/\/glenfiddle.de\/index.php?rest_route=%2Fwp%2Fv2%2Fcomments&post=67"}],"version-history":[{"count":50,"href":"https:\/\/glenfiddle.de\/index.php?rest_route=\/wp\/v2\/pages\/67\/revisions"}],"predecessor-version":[{"id":348,"href":"https:\/\/glenfiddle.de\/index.php?rest_route=\/wp\/v2\/pages\/67\/revisions\/348"}],"wp:attachment":[{"href":"https:\/\/glenfiddle.de\/index.php?rest_route=%2Fwp%2Fv2%2Fmedia&parent=67"}],"curies":[{"name":"wp","href":"https:\/\/api.w.org\/{rel}","templated":true}]}}