{"id":182,"date":"2021-01-27T12:40:36","date_gmt":"2021-01-27T12:40:36","guid":{"rendered":"http:\/\/glenfiddle.de\/?page_id=182"},"modified":"2021-01-29T09:46:48","modified_gmt":"2021-01-29T09:46:48","slug":"presse","status":"publish","type":"page","link":"https:\/\/glenfiddle.de\/?page_id=182","title":{"rendered":"Presse"},"content":{"rendered":"\n<p>\u201e&#8230; eine der angesagtesten deutschen Formationen des Folk-Genre.&#8220; (<em>L\u00fcbecker Nachrichten<\/em>)<\/p>\n\n\n\n<p>&#8222;Beim Auftritt von &#8218;Glenfiddle&#8216; hielt es kaum noch jemand auf den St\u00fchlen.&#8220; (<em>Holsteinischer Courier<\/em>)<\/p>\n\n\n\n<p>&#8222;F\u00fcr Freunde von irischer und schottischer Folklore war &#8218;Glenfiddle&#8216; &#8230; ein besonderer musikalischer Leckerbissen, der Hunderte von Zuh\u00f6rern begeisterte.&#8220; (<em>Kieler Nachrichten<\/em>)<\/p>\n\n\n\n<p>&#8222;&#8230; stellte sich &#8218;Glenfiddle&#8216; mit einem weit gespannten, abwechslungsreichen Programm vor, das die Zuh\u00f6rer vom ersten &#8218;I wish I was&#8216; bis zum letzten &#8218;Farewell&#8216; in Atem hielt..&#8220; (<em>L\u00fcbecker Nachrichten<\/em>)<\/p>\n\n\n\n<p>&#8222;&#8230; ein herrlich ins Blut gehendes, handgemachtes St\u00fcck Musik, von sympathischen Leuten mit noch unmittelbarem Kontakt zu ihrem Publikum.&#8220; (<em>Norddeutsche Neueste Nachrichten<\/em>)<\/p>\n\n\n\n<p>&#8222;Stimmungsvolle Folk-Mischung schottisch-irischer Art. Jigs, Reels und Traditionals vom Feinsten.&#8220; (<em>Bonner Illustrierte<\/em>)<\/p>\n\n\n\n<p>&#8222;Die vier &#8218;Fiddler&#8216; spielen mit professioneller Leichtigkeit und pr\u00e4sentieren mit Gef\u00fchl und Liebe zum Detail ein gro\u00dfartig beschwingte Musik. Da hei\u00dft es sich relaxt zur\u00fccklehnen beim Anh\u00f6ren dieser urspr\u00fcnglichen, handgemachten Musik.&#8220; (<em>Saarlouiser Rundschau<\/em>)<\/p>\n\n\n\n<p>&#8222;Voll Gef\u00fchl und Melancholie, mit Schwung und Stimmung.&#8220; (<em>Ultimo<\/em>)<\/p>\n\n\n\n<p>&#8222;Der Zuh\u00f6rer sp\u00fcrt den nat\u00fcrlichen Charme und die Kraft irischen Folks, ohne einen einzigen Abrutscher in ausgelutschte Klischees.&#8220; (<em>L\u00fcbecker Nachrichten<\/em>)<\/p>\n\n\n\n<p>&#8222;Die Songs sind so wie man sich irische und schottische Traditionsmusik vorstellt: Schwerm\u00fctig und fr\u00f6hlich, die Texte leichtf\u00fc\u00dfig bis pathetisch, Instrumentalisierung und Arrangements haben wirklich Klasse.&#8220; (<em>L\u00fcbecker Nachrichten<\/em>)<\/p>\n\n\n\n<p>&#8222;&#8230; ihre Balladen und Folksongs sind schlicht und einfach sch\u00f6n.&#8220; (<em>Hifi Vision<\/em>)<\/p>\n\n\n\n<hr class=\"wp-block-separator is-style-wide\"\/>\n\n\n\n<p class=\"has-white-color has-text-color has-large-font-size\"><strong>GLENFIDDLE HAT IN DEN \u00dcBER 20 JAHREN GESPIELT&#8230;<\/strong><\/p>\n\n\n\n<p>Irish Pubs in Neum\u00fcnster, Eutin, L\u00fcbeck, Herne, Wolfenb\u00fcttel u.a.<br>Kulturvereine Schiphorst, Klingberg, Bebra (&#8222;Ellis Saal&#8220;), Glinde (&#8222;Remise&#8220;) u.a.<br>Tourist-Services und Kurverwaltungen an Nord- und Ostsee<br>Folk im Park V, Lippstadt<br>Stadtfest, Jena<br>Irish Night, Pinnow<br>Celtic Night, Wernigerode<br>Bischofsm\u00fchle, Hildesheim<br>Rolandsfest, Nordhausen<br>Ostsee in Flammen, Gr\u00f6mitz<br>Folk Club Bad Segeberg<br>Irish Folk-Fest Paderborn<br>R\u00e4ucherei Kiel<br>Schuppen 6, L\u00fcbeck<br>Charlottenhof, Klanxb\u00fcll<br>Landeskulturzentrum Salzau<br>Eckernf\u00f6rder Piratentage<br>Vereins- und Westbank<br>Werkhof L\u00fcbeck<br>Musik- und Kongre\u00dfhalle L\u00fcbeck<br>NDR<br>Radio Schleswig-Holstein (RSH)<br>Firma ECOPHON, L\u00fcbeck<br>Kieler Woche<br>Tankhaus Stavenhagen<br>Altstadtfest L\u00fcbeck<br>Traumfabrik Kiel<br>Webers Hof, Farsleben<br>Gut Bustedt, Hiddenhausen<br>Burg Geretzhofen<br>Hafenfest Niendorf<br>Sail 2002, Travem\u00fcnde<br>Nordseehalle, Helgoland<br>Irish Folk-Festival, Glauchau<br>Segelschiff &#8222;Passat&#8220;, Travem\u00fcnde<br>Schuppen 9, L\u00fcbeck<br>Leuphana Universit\u00e4t, L\u00fcneburg<br>Hotel Freihof am Roland, Wedel<br>Trittauer Wasserm\u00fchle<br>Sounds, L\u00fcbeck<br>700 Jahre Stockelsdorf<br>B\u00fcrgerhaus Ahrensb\u00f6k<\/p>\n\n\n\n<p><em>Portugal:<br><\/em>Lagoa, Ferragudo, S.B. de Alportel, Carvoeiro, Silves, Monchique<br>&#8222;Fatacil&#8220; Lagoa, &#8222;Vila Vita Parc&#8220; Porches, &#8222;Round Up Saloon&#8220; Carvoeiro<\/p>\n","protected":false},"excerpt":{"rendered":"<p>\u201e&#8230; eine der angesagtesten deutschen Formationen des Folk-Genre.&#8220; (L\u00fcbecker Nachrichten) &#8222;Beim Auftritt von &#8218;Glenfiddle&#8216; hielt es kaum noch jemand auf den St\u00fchlen.&#8220; (Holsteinischer Courier) &#8222;F\u00fcr Freunde von irischer und schottischer&#8230;<\/p>\n","protected":false},"author":2,"featured_media":0,"parent":0,"menu_order":0,"comment_status":"closed","ping_status":"closed","template":"","meta":{"_vp_format_video_url":"","_vp_image_focal_point":[],"footnotes":""},"class_list":["post-182","page","type-page","status-publish","hentry"],"_links":{"self":[{"href":"https:\/\/glenfiddle.de\/index.php?rest_route=\/wp\/v2\/pages\/182","targetHints":{"allow":["GET"]}}],"collection":[{"href":"https:\/\/glenfiddle.de\/index.php?rest_route=\/wp\/v2\/pages"}],"about":[{"href":"https:\/\/glenfiddle.de\/index.php?rest_route=\/wp\/v2\/types\/page"}],"author":[{"embeddable":true,"href":"https:\/\/glenfiddle.de\/index.php?rest_route=\/wp\/v2\/users\/2"}],"replies":[{"embeddable":true,"href":"https:\/\/glenfiddle.de\/index.php?rest_route=%2Fwp%2Fv2%2Fcomments&post=182"}],"version-history":[{"count":12,"href":"https:\/\/glenfiddle.de\/index.php?rest_route=\/wp\/v2\/pages\/182\/revisions"}],"predecessor-version":[{"id":249,"href":"https:\/\/glenfiddle.de\/index.php?rest_route=\/wp\/v2\/pages\/182\/revisions\/249"}],"wp:attachment":[{"href":"https:\/\/glenfiddle.de\/index.php?rest_route=%2Fwp%2Fv2%2Fmedia&parent=182"}],"curies":[{"name":"wp","href":"https:\/\/api.w.org\/{rel}","templated":true}]}}